{"id":4968,"date":"2023-08-30T02:02:05","date_gmt":"2023-08-30T02:02:05","guid":{"rendered":"https:\/\/nfcntag.com\/?post_type=product&#038;p=4968"},"modified":"2023-08-30T02:09:21","modified_gmt":"2023-08-30T02:09:21","slug":"vlastni-cinske-rfid-fob-tesneni","status":"publish","type":"product","link":"https:\/\/nfcntag.com\/cs\/product\/vlastni-cinske-rfid-fob-tesneni\/","title":{"rendered":"Custom China RFID Fob Seals"},"content":{"rendered":"<div data-elementor-type=\"product-post\" data-elementor-id=\"4968\" class=\"elementor elementor-4968\" data-elementor-post-type=\"product\">\n\t\t\t\t\t\t<section class=\"elementor-section elementor-top-section elementor-element elementor-element-d5def3b elementor-section-boxed elementor-section-height-default elementor-section-height-default\" data-id=\"d5def3b\" data-element_type=\"section\" data-e-type=\"section\">\n\t\t\t\t\t\t<div class=\"elementor-container elementor-column-gap-default\">\n\t\t\t\t\t<div class=\"elementor-column elementor-col-66 elementor-top-column elementor-element elementor-element-4473d33\" data-id=\"4473d33\" data-element_type=\"column\" data-e-type=\"column\">\n\t\t\t<div class=\"elementor-widget-wrap elementor-element-populated\">\n\t\t\t\t\t\t<div class=\"elementor-element elementor-element-8574ee3 elementor-widget elementor-widget-heading\" data-id=\"8574ee3\" data-element_type=\"widget\" data-e-type=\"widget\" data-widget_type=\"heading.default\">\n\t\t\t\t<div class=\"elementor-widget-container\">\n\t\t\t\t\t<h1 class=\"elementor-heading-title elementor-size-default\">Custom China RFID Fob Seals<\/h1>\t\t\t\t<\/div>\n\t\t\t\t<\/div>\n\t\t\t\t<div class=\"elementor-element elementor-element-0f21d70 elementor-widget elementor-widget-text-editor\" data-id=\"0f21d70\" data-element_type=\"widget\" data-e-type=\"widget\" data-widget_type=\"text-editor.default\">\n\t\t\t\t<div class=\"elementor-widget-container\">\n\t\t\t\t\t\t\t\t\t<p>Custom China RFID Fob seal je specializovan\u00fd \u0161t\u00edtek ur\u010den\u00fd pro bezpe\u010dnostn\u00ed sledov\u00e1n\u00ed a ochranu. Je vyrobena kombinac\u00ed materi\u00e1l\u016f ABS a nerezov\u00e9 oceli a je vybavena areta\u010dn\u00edm re\u017eimem, kter\u00fd lze snadno zajistit tahem, co\u017e zaji\u0161\u0165uje odolnost i pohodl\u00ed. Ocelov\u00e9 lano pou\u017eit\u00e9 v tomto t\u011bsn\u011bn\u00ed je odoln\u00e9 proti rozbit\u00ed a reziv\u011bn\u00ed, tak\u017ee je ide\u00e1ln\u00ed pro pou\u017eit\u00ed v drsn\u00fdch prost\u0159ed\u00edch a z\u00e1rove\u0148 efektivn\u011b funguje jako t\u011bsn\u011bn\u00ed RFID fob.<\/p><p>V r\u00e1mci syst\u00e9mu e Seal RFID m\u016f\u017ee b\u00fdt toto t\u011bsn\u011bn\u00ed zapouzd\u0159eno bu\u010f vysokofrekven\u010dn\u00ed nebo ultravysokofrekven\u010dn\u00ed technologi\u00ed. Nav\u00edc m\u016f\u017ee b\u00fdt \u00fa\u010dinn\u011b ut\u011bsn\u011bn pomoc\u00ed ultrazvukov\u00fdch vln, co\u017e poskytuje vynikaj\u00edc\u00ed vodot\u011bsnost, prachot\u011bsnost a odolnost proti vibrac\u00edm.<\/p>\t\t\t\t\t\t\t\t<\/div>\n\t\t\t\t<\/div>\n\t\t\t\t<div class=\"elementor-element elementor-element-665275b elementor-align-left elementor-widget elementor-widget-button\" data-id=\"665275b\" data-element_type=\"widget\" data-e-type=\"widget\" data-widget_type=\"button.default\">\n\t\t\t\t<div class=\"elementor-widget-container\">\n\t\t\t\t\t\t\t\t\t<div class=\"elementor-button-wrapper\">\n\t\t\t\t\t<a class=\"elementor-button elementor-button-link elementor-size-sm\" href=\"#elementor-action%3Aaction%3Dpopup%3Aopen%26settings%3DeyJpZCI6IjI3MiIsInRvZ2dsZSI6ZmFsc2V9\">\n\t\t\t\t\t\t<span class=\"elementor-button-content-wrapper\">\n\t\t\t\t\t\t\t\t\t<span class=\"elementor-button-text\">Z\u00edskejte vlastn\u00ed nab\u00eddku<\/span>\n\t\t\t\t\t<\/span>\n\t\t\t\t\t<\/a>\n\t\t\t\t<\/div>\n\t\t\t\t\t\t\t\t<\/div>\n\t\t\t\t<\/div>\n\t\t\t\t\t<\/div>\n\t\t<\/div>\n\t\t\t\t<div class=\"elementor-column elementor-col-33 elementor-top-column elementor-element elementor-element-73ddb64\" data-id=\"73ddb64\" data-element_type=\"column\" data-e-type=\"column\">\n\t\t\t<div class=\"elementor-widget-wrap elementor-element-populated\">\n\t\t\t\t\t\t<div class=\"elementor-element elementor-element-8e2e3b7 elementor-widget elementor-widget-image\" data-id=\"8e2e3b7\" data-element_type=\"widget\" data-e-type=\"widget\" data-widget_type=\"image.default\">\n\t\t\t\t<div class=\"elementor-widget-container\">\n\t\t\t\t\t\t\t\t\t\t\t\t\t\t\t<img fetchpriority=\"high\" decoding=\"async\" width=\"500\" height=\"500\" src=\"https:\/\/nfcntag.com\/wp-content\/uploads\/2023\/08\/China-RFID-Fob-Seal.png\" class=\"attachment-large size-large wp-image-4970\" alt=\"\u010c\u00edna RFID Fob Seal\" srcset=\"https:\/\/nfcntag.com\/wp-content\/uploads\/2023\/08\/China-RFID-Fob-Seal.png 500w, https:\/\/nfcntag.com\/wp-content\/uploads\/2023\/08\/China-RFID-Fob-Seal-300x300.png 300w, https:\/\/nfcntag.com\/wp-content\/uploads\/2023\/08\/China-RFID-Fob-Seal-100x100.png 100w, https:\/\/nfcntag.com\/wp-content\/uploads\/2023\/08\/China-RFID-Fob-Seal-150x150.png 150w\" sizes=\"(max-width: 500px) 100vw, 500px\" \/>\t\t\t\t\t\t\t\t\t\t\t\t\t\t\t<\/div>\n\t\t\t\t<\/div>\n\t\t\t\t\t<\/div>\n\t\t<\/div>\n\t\t\t\t\t<\/div>\n\t\t<\/section>\n\t\t\t\t<section class=\"elementor-section elementor-top-section elementor-element elementor-element-75a6db6 elementor-section-boxed elementor-section-height-default elementor-section-height-default\" data-id=\"75a6db6\" data-element_type=\"section\" data-e-type=\"section\">\n\t\t\t\t\t\t<div class=\"elementor-container elementor-column-gap-default\">\n\t\t\t\t\t<div class=\"elementor-column elementor-col-50 elementor-top-column elementor-element elementor-element-a6c37af\" data-id=\"a6c37af\" data-element_type=\"column\" data-e-type=\"column\">\n\t\t\t<div class=\"elementor-widget-wrap elementor-element-populated\">\n\t\t\t\t\t\t<div class=\"elementor-element elementor-element-afc00c8 elementor-widget elementor-widget-image\" data-id=\"afc00c8\" data-element_type=\"widget\" data-e-type=\"widget\" data-widget_type=\"image.default\">\n\t\t\t\t<div class=\"elementor-widget-container\">\n\t\t\t\t\t\t\t\t\t\t\t\t\t\t\t<img decoding=\"async\" width=\"500\" height=\"500\" src=\"https:\/\/nfcntag.com\/wp-content\/uploads\/2023\/08\/Custom-China-RFID-Fob-Seals.png\" class=\"attachment-large size-large wp-image-4969\" alt=\"Custom China RFID Fob Seals\" srcset=\"https:\/\/nfcntag.com\/wp-content\/uploads\/2023\/08\/Custom-China-RFID-Fob-Seals.png 500w, https:\/\/nfcntag.com\/wp-content\/uploads\/2023\/08\/Custom-China-RFID-Fob-Seals-300x300.png 300w, https:\/\/nfcntag.com\/wp-content\/uploads\/2023\/08\/Custom-China-RFID-Fob-Seals-100x100.png 100w, https:\/\/nfcntag.com\/wp-content\/uploads\/2023\/08\/Custom-China-RFID-Fob-Seals-150x150.png 150w\" sizes=\"(max-width: 500px) 100vw, 500px\" \/>\t\t\t\t\t\t\t\t\t\t\t\t\t\t\t<\/div>\n\t\t\t\t<\/div>\n\t\t\t\t\t<\/div>\n\t\t<\/div>\n\t\t\t\t<div class=\"elementor-column elementor-col-50 elementor-top-column elementor-element elementor-element-1884c9b\" data-id=\"1884c9b\" data-element_type=\"column\" data-e-type=\"column\">\n\t\t\t<div class=\"elementor-widget-wrap elementor-element-populated\">\n\t\t\t\t\t\t<div class=\"elementor-element elementor-element-c8296b5 elementor-widget elementor-widget-heading\" data-id=\"c8296b5\" data-element_type=\"widget\" data-e-type=\"widget\" data-widget_type=\"heading.default\">\n\t\t\t\t<div class=\"elementor-widget-container\">\n\t\t\t\t\t<h2 class=\"elementor-heading-title elementor-size-default\">Podrobnosti o produktu:<\/h2>\t\t\t\t<\/div>\n\t\t\t\t<\/div>\n\t\t\t\t<div class=\"elementor-element elementor-element-fbd561e elementor-widget elementor-widget-text-editor\" data-id=\"fbd561e\" data-element_type=\"widget\" data-e-type=\"widget\" data-widget_type=\"text-editor.default\">\n\t\t\t\t<div class=\"elementor-widget-container\">\n\t\t\t\t\t\t\t\t\t<p>Typ: Custom China RFID Fob Seals<\/p><p>Velikost: 36*42*4mm<\/p><p>Typ \u010dipu: UHF, HF<\/p><p>Materi\u00e1l: ABS, Nerezov\u00e1 ocel<\/p><p>Pracovn\u00ed teplota: -30\u00b0~85\u00b0\u00a0<\/p><p>Vlastnosti: Vodot\u011bsn\u00fd, odoln\u00fd proti vlhkosti, n\u00e1razuvzdorn\u00fd a tepeln\u011b odoln\u00fd<\/p>\t\t\t\t\t\t\t\t<\/div>\n\t\t\t\t<\/div>\n\t\t\t\t\t<\/div>\n\t\t<\/div>\n\t\t\t\t\t<\/div>\n\t\t<\/section>\n\t\t\t\t<section class=\"elementor-section elementor-top-section elementor-element elementor-element-62f13a0 elementor-section-boxed elementor-section-height-default elementor-section-height-default\" data-id=\"62f13a0\" data-element_type=\"section\" data-e-type=\"section\">\n\t\t\t\t\t\t<div class=\"elementor-container elementor-column-gap-default\">\n\t\t\t\t\t<div class=\"elementor-column elementor-col-100 elementor-top-column elementor-element elementor-element-baba8e6\" data-id=\"baba8e6\" data-element_type=\"column\" data-e-type=\"column\">\n\t\t\t<div class=\"elementor-widget-wrap elementor-element-populated\">\n\t\t\t\t\t\t<div class=\"elementor-element elementor-element-02d47fa elementor-widget elementor-widget-heading\" data-id=\"02d47fa\" data-element_type=\"widget\" data-e-type=\"widget\" data-widget_type=\"heading.default\">\n\t\t\t\t<div class=\"elementor-widget-container\">\n\t\t\t\t\t<h2 class=\"elementor-heading-title elementor-size-large\">Pro\u010d si vybrat China RFID Fob Seal<\/h2>\t\t\t\t<\/div>\n\t\t\t\t<\/div>\n\t\t\t\t\t<\/div>\n\t\t<\/div>\n\t\t\t\t\t<\/div>\n\t\t<\/section>\n\t\t\t\t<section class=\"elementor-section elementor-top-section elementor-element elementor-element-022ea4e elementor-section-boxed elementor-section-height-default elementor-section-height-default\" data-id=\"022ea4e\" data-element_type=\"section\" data-e-type=\"section\">\n\t\t\t\t\t\t<div class=\"elementor-container elementor-column-gap-default\">\n\t\t\t\t\t<div class=\"elementor-column elementor-col-50 elementor-top-column elementor-element elementor-element-2119445\" data-id=\"2119445\" data-element_type=\"column\" data-e-type=\"column\">\n\t\t\t<div class=\"elementor-widget-wrap elementor-element-populated\">\n\t\t\t\t\t\t<div class=\"elementor-element elementor-element-9115d4b elementor-widget elementor-widget-image\" data-id=\"9115d4b\" data-element_type=\"widget\" data-e-type=\"widget\" data-widget_type=\"image.default\">\n\t\t\t\t<div class=\"elementor-widget-container\">\n\t\t\t\t\t\t\t\t\t\t\t\t\t\t\t<img decoding=\"async\" width=\"500\" height=\"500\" src=\"https:\/\/nfcntag.com\/wp-content\/uploads\/2023\/08\/Custom-RFID-Fob-Seal.png\" class=\"attachment-large size-large wp-image-4971\" alt=\"Vlastn\u00ed RFID Fob Seal\" srcset=\"https:\/\/nfcntag.com\/wp-content\/uploads\/2023\/08\/Custom-RFID-Fob-Seal.png 500w, https:\/\/nfcntag.com\/wp-content\/uploads\/2023\/08\/Custom-RFID-Fob-Seal-300x300.png 300w, https:\/\/nfcntag.com\/wp-content\/uploads\/2023\/08\/Custom-RFID-Fob-Seal-100x100.png 100w, https:\/\/nfcntag.com\/wp-content\/uploads\/2023\/08\/Custom-RFID-Fob-Seal-150x150.png 150w\" sizes=\"(max-width: 500px) 100vw, 500px\" \/>\t\t\t\t\t\t\t\t\t\t\t\t\t\t\t<\/div>\n\t\t\t\t<\/div>\n\t\t\t\t\t<\/div>\n\t\t<\/div>\n\t\t\t\t<div class=\"elementor-column elementor-col-50 elementor-top-column elementor-element elementor-element-82878ba\" data-id=\"82878ba\" data-element_type=\"column\" data-e-type=\"column\">\n\t\t\t<div class=\"elementor-widget-wrap elementor-element-populated\">\n\t\t\t\t\t\t<div class=\"elementor-element elementor-element-c318b8b elementor-widget elementor-widget-text-editor\" data-id=\"c318b8b\" data-element_type=\"widget\" data-e-type=\"widget\" data-widget_type=\"text-editor.default\">\n\t\t\t\t<div class=\"elementor-widget-container\">\n\t\t\t\t\t\t\t\t\t<p><strong>Trvanlivost<\/strong><\/p><ul><li>Toto t\u011bsn\u011bn\u00ed je vyrobeno z kombinace materi\u00e1l\u016f ABS a nerezov\u00e9 oceli, co\u017e zaji\u0161\u0165uje jeho pevnost a odolnost. Je navr\u017een tak, aby vydr\u017eel extr\u00e9mn\u00ed hork\u00e9 a chladn\u00e9 po\u010das\u00ed a je odoln\u00fd proti rozbit\u00ed.<\/li><\/ul><p><strong>Zabezpe\u010den\u00ed<\/strong><\/p><ul><li>T\u011bsn\u011bn\u00ed RFID fob poskytuje zv\u00fd\u0161enou bezpe\u010dnost pro \u00fa\u010dely sledov\u00e1n\u00ed a ochrany. Vyzna\u010duje se zamykac\u00edm re\u017eimem, kter\u00fd lze snadno zajistit tahem, co\u017e znesnad\u0148uje neopr\u00e1vn\u011bn\u00fdm osob\u00e1m manipulaci nebo odstran\u011bn\u00ed.<\/li><\/ul><p><strong>Pohodl\u00ed<\/strong><\/p><ul><li>T\u011bsn\u011bn\u00ed je navr\u017eeno tak, aby bylo u\u017eivatelsky p\u0159\u00edv\u011btiv\u00e9 a umo\u017e\u0148ovalo rychlou a snadnou aplikaci. Nab\u00edz\u00ed pohodln\u00e9 a efektivn\u00ed \u0159e\u0161en\u00ed pro bezpe\u010dnostn\u00ed sledov\u00e1n\u00ed a pot\u0159eby ochrany.<\/li><\/ul>\t\t\t\t\t\t\t\t<\/div>\n\t\t\t\t<\/div>\n\t\t\t\t<div class=\"elementor-element elementor-element-d587ca6 elementor-align-center elementor-widget elementor-widget-button\" data-id=\"d587ca6\" data-element_type=\"widget\" data-e-type=\"widget\" data-widget_type=\"button.default\">\n\t\t\t\t<div class=\"elementor-widget-container\">\n\t\t\t\t\t\t\t\t\t<div class=\"elementor-button-wrapper\">\n\t\t\t\t\t<a class=\"elementor-button elementor-button-link elementor-size-sm\" href=\"#elementor-action%3Aaction%3Dpopup%3Aopen%26settings%3DeyJpZCI6IjI3MiIsInRvZ2dsZSI6ZmFsc2V9\">\n\t\t\t\t\t\t<span class=\"elementor-button-content-wrapper\">\n\t\t\t\t\t\t\t\t\t<span class=\"elementor-button-text\">Z\u00edskejte vlastn\u00ed nab\u00eddku<\/span>\n\t\t\t\t\t<\/span>\n\t\t\t\t\t<\/a>\n\t\t\t\t<\/div>\n\t\t\t\t\t\t\t\t<\/div>\n\t\t\t\t<\/div>\n\t\t\t\t\t<\/div>\n\t\t<\/div>\n\t\t\t\t\t<\/div>\n\t\t<\/section>\n\t\t\t\t<section class=\"elementor-section elementor-top-section elementor-element elementor-element-2ae6578 elementor-section-boxed elementor-section-height-default elementor-section-height-default\" data-id=\"2ae6578\" data-element_type=\"section\" data-e-type=\"section\">\n\t\t\t\t\t\t<div class=\"elementor-container elementor-column-gap-default\">\n\t\t\t\t\t<div class=\"elementor-column elementor-col-100 elementor-top-column elementor-element elementor-element-72c45af\" data-id=\"72c45af\" data-element_type=\"column\" data-e-type=\"column\">\n\t\t\t<div class=\"elementor-widget-wrap elementor-element-populated\">\n\t\t\t\t\t\t\t<\/div>\n\t\t<\/div>\n\t\t\t\t\t<\/div>\n\t\t<\/section>\n\t\t\t\t<\/div>","protected":false},"excerpt":{"rendered":"<p>Custom China RFID Fob Seals Custom China RFID Fob seal is a specialized tag designed for security tracking and protection. It is made by combining ABS and stainless-steel materials, and it features a lock-in mode that can be easily secured with a pull, ensuring both durability and convenience. The steel wire rope used in this [&hellip;]<\/p>\n","protected":false},"featured_media":4970,"template":"elementor_header_footer","meta":{"site-sidebar-layout":"no-sidebar","site-content-layout":"page-builder","ast-site-content-layout":"full-width-container","site-content-style":"unboxed","site-sidebar-style":"unboxed","ast-global-header-display":"","ast-banner-title-visibility":"","ast-main-header-display":"disabled","ast-hfb-above-header-display":"","ast-hfb-below-header-display":"","ast-hfb-mobile-header-display":"","site-post-title":"disabled","ast-breadcrumbs-content":"","ast-featured-img":"disabled","footer-sml-layout":"","ast-disable-related-posts":"","theme-transparent-header-meta":"default","adv-header-id-meta":"","stick-header-meta":"","header-above-stick-meta":"","header-main-stick-meta":"","header-below-stick-meta":"","astra-migrate-meta-layouts":"set","ast-page-background-enabled":"default","ast-page-background-meta":{"desktop":{"background-color":"","background-image":"","background-repeat":"repeat","background-position":"center center","background-size":"auto","background-attachment":"scroll","background-type":"","background-media":"","overlay-type":"","overlay-color":"","overlay-opacity":"","overlay-gradient":""},"tablet":{"background-color":"","background-image":"","background-repeat":"repeat","background-position":"center center","background-size":"auto","background-attachment":"scroll","background-type":"","background-media":"","overlay-type":"","overlay-color":"","overlay-opacity":"","overlay-gradient":""},"mobile":{"background-color":"","background-image":"","background-repeat":"repeat","background-position":"center center","background-size":"auto","background-attachment":"scroll","background-type":"","background-media":"","overlay-type":"","overlay-color":"","overlay-opacity":"","overlay-gradient":""}},"ast-content-background-meta":{"desktop":{"background-color":"var(--ast-global-color-5)","background-image":"","background-repeat":"repeat","background-position":"center center","background-size":"auto","background-attachment":"scroll","background-type":"","background-media":"","overlay-type":"","overlay-color":"","overlay-opacity":"","overlay-gradient":""},"tablet":{"background-color":"var(--ast-global-color-5)","background-image":"","background-repeat":"repeat","background-position":"center center","background-size":"auto","background-attachment":"scroll","background-type":"","background-media":"","overlay-type":"","overlay-color":"","overlay-opacity":"","overlay-gradient":""},"mobile":{"background-color":"var(--ast-global-color-5)","background-image":"","background-repeat":"repeat","background-position":"center center","background-size":"auto","background-attachment":"scroll","background-type":"","background-media":"","overlay-type":"","overlay-color":"","overlay-opacity":"","overlay-gradient":""}}},"product_brand":[],"product_cat":[39],"product_tag":[],"class_list":{"0":"post-4968","1":"product","2":"type-product","3":"status-publish","4":"has-post-thumbnail","6":"product_cat-rfid-seal","7":"desktop-align-left","8":"tablet-align-left","9":"mobile-align-left","11":"first","12":"instock","13":"shipping-taxable","14":"product-type-simple"},"yoast_head":"<!-- This site is optimized with the Yoast SEO plugin v27.4 - https:\/\/yoast.com\/product\/yoast-seo-wordpress\/ -->\n<title>Custom China RFID Fob Seals from China Supplier<\/title>\n<meta name=\"description\" content=\"Custom China RFID Fob seal is a specialized tag designed for security tracking and protection. It is made by combining ABS and stainless-steel materials.\" \/>\n<meta name=\"robots\" content=\"index, follow, max-snippet:-1, max-image-preview:large, max-video-preview:-1\" \/>\n<link rel=\"canonical\" href=\"https:\/\/nfcntag.com\/cs\/product\/vlastni-cinske-rfid-fob-tesneni\/\" \/>\n<meta property=\"og:locale\" content=\"cs_CZ\" \/>\n<meta property=\"og:type\" content=\"article\" \/>\n<meta property=\"og:title\" content=\"Custom China RFID Fob Seals from China Supplier\" \/>\n<meta property=\"og:description\" content=\"Custom China RFID Fob seal is a specialized tag designed for security tracking and protection. It is made by combining ABS and stainless-steel materials.\" \/>\n<meta property=\"og:url\" content=\"https:\/\/nfcntag.com\/cs\/product\/vlastni-cinske-rfid-fob-tesneni\/\" \/>\n<meta property=\"og:site_name\" content=\"ZBTech\" \/>\n<meta property=\"article:modified_time\" content=\"2023-08-30T02:09:21+00:00\" \/>\n<meta property=\"og:image\" content=\"https:\/\/nfcntag.com\/wp-content\/uploads\/2023\/08\/China-RFID-Fob-Seal.png\" \/>\n\t<meta property=\"og:image:width\" content=\"500\" \/>\n\t<meta property=\"og:image:height\" content=\"500\" \/>\n\t<meta property=\"og:image:type\" content=\"image\/png\" \/>\n<meta name=\"twitter:card\" content=\"summary_large_image\" \/>\n<meta name=\"twitter:label1\" content=\"Odhadovan\u00e1 doba \u010dten\u00ed\" \/>\n\t<meta name=\"twitter:data1\" content=\"2 minuty\" \/>\n<script type=\"application\/ld+json\" class=\"yoast-schema-graph\">{\"@context\":\"https:\\\/\\\/schema.org\",\"@graph\":[{\"@type\":\"WebPage\",\"@id\":\"https:\\\/\\\/nfcntag.com\\\/product\\\/custom-china-rfid-fob-seals\\\/\",\"url\":\"https:\\\/\\\/nfcntag.com\\\/product\\\/custom-china-rfid-fob-seals\\\/\",\"name\":\"Custom China RFID Fob Seals from China Supplier\",\"isPartOf\":{\"@id\":\"https:\\\/\\\/nfcntag.com\\\/#website\"},\"primaryImageOfPage\":{\"@id\":\"https:\\\/\\\/nfcntag.com\\\/product\\\/custom-china-rfid-fob-seals\\\/#primaryimage\"},\"image\":{\"@id\":\"https:\\\/\\\/nfcntag.com\\\/product\\\/custom-china-rfid-fob-seals\\\/#primaryimage\"},\"thumbnailUrl\":\"https:\\\/\\\/nfcntag.com\\\/wp-content\\\/uploads\\\/2023\\\/08\\\/China-RFID-Fob-Seal.png\",\"datePublished\":\"2023-08-30T02:02:05+00:00\",\"dateModified\":\"2023-08-30T02:09:21+00:00\",\"description\":\"Custom China RFID Fob seal is a specialized tag designed for security tracking and protection. It is made by combining ABS and stainless-steel materials.\",\"breadcrumb\":{\"@id\":\"https:\\\/\\\/nfcntag.com\\\/product\\\/custom-china-rfid-fob-seals\\\/#breadcrumb\"},\"inLanguage\":\"cs\",\"potentialAction\":[{\"@type\":\"ReadAction\",\"target\":[\"https:\\\/\\\/nfcntag.com\\\/product\\\/custom-china-rfid-fob-seals\\\/\"]}]},{\"@type\":\"ImageObject\",\"inLanguage\":\"cs\",\"@id\":\"https:\\\/\\\/nfcntag.com\\\/product\\\/custom-china-rfid-fob-seals\\\/#primaryimage\",\"url\":\"https:\\\/\\\/nfcntag.com\\\/wp-content\\\/uploads\\\/2023\\\/08\\\/China-RFID-Fob-Seal.png\",\"contentUrl\":\"https:\\\/\\\/nfcntag.com\\\/wp-content\\\/uploads\\\/2023\\\/08\\\/China-RFID-Fob-Seal.png\",\"width\":500,\"height\":500,\"caption\":\"China RFID Fob Seal\"},{\"@type\":\"BreadcrumbList\",\"@id\":\"https:\\\/\\\/nfcntag.com\\\/product\\\/custom-china-rfid-fob-seals\\\/#breadcrumb\",\"itemListElement\":[{\"@type\":\"ListItem\",\"position\":1,\"name\":\"Home\",\"item\":\"https:\\\/\\\/nfcntag.com\\\/\"},{\"@type\":\"ListItem\",\"position\":2,\"name\":\"Products\",\"item\":\"https:\\\/\\\/nfcntag.com\\\/shop\\\/\"},{\"@type\":\"ListItem\",\"position\":3,\"name\":\"Custom China RFID Fob Seals\"}]},{\"@type\":\"WebSite\",\"@id\":\"https:\\\/\\\/nfcntag.com\\\/#website\",\"url\":\"https:\\\/\\\/nfcntag.com\\\/\",\"name\":\"ZBTech\",\"description\":\"ZBTECH\",\"potentialAction\":[{\"@type\":\"SearchAction\",\"target\":{\"@type\":\"EntryPoint\",\"urlTemplate\":\"https:\\\/\\\/nfcntag.com\\\/?s={search_term_string}\"},\"query-input\":{\"@type\":\"PropertyValueSpecification\",\"valueRequired\":true,\"valueName\":\"search_term_string\"}}],\"inLanguage\":\"cs\"}]}<\/script>\n<!-- \/ Yoast SEO plugin. -->","yoast_head_json":{"title":"Vlastn\u00ed \u010c\u00edna RFID Fob t\u011bsn\u011bn\u00ed od dodavatele z \u010c\u00edny","description":"Custom China RFID Fob seal je specializovan\u00fd \u0161t\u00edtek ur\u010den\u00fd pro bezpe\u010dnostn\u00ed sledov\u00e1n\u00ed a ochranu. Je vyrobena kombinac\u00ed materi\u00e1l\u016f ABS a nerezov\u00e9 oceli.","robots":{"index":"index","follow":"follow","max-snippet":"max-snippet:-1","max-image-preview":"max-image-preview:large","max-video-preview":"max-video-preview:-1"},"canonical":"https:\/\/nfcntag.com\/cs\/product\/vlastni-cinske-rfid-fob-tesneni\/","og_locale":"cs_CZ","og_type":"article","og_title":"Custom China RFID Fob Seals from China Supplier","og_description":"Custom China RFID Fob seal is a specialized tag designed for security tracking and protection. It is made by combining ABS and stainless-steel materials.","og_url":"https:\/\/nfcntag.com\/cs\/product\/vlastni-cinske-rfid-fob-tesneni\/","og_site_name":"ZBTech","article_modified_time":"2023-08-30T02:09:21+00:00","og_image":[{"width":500,"height":500,"url":"https:\/\/nfcntag.com\/wp-content\/uploads\/2023\/08\/China-RFID-Fob-Seal.png","type":"image\/png"}],"twitter_card":"summary_large_image","twitter_misc":{"Odhadovan\u00e1 doba \u010dten\u00ed":"2 minuty"},"schema":{"@context":"https:\/\/schema.org","@graph":[{"@type":"WebPage","@id":"https:\/\/nfcntag.com\/product\/custom-china-rfid-fob-seals\/","url":"https:\/\/nfcntag.com\/product\/custom-china-rfid-fob-seals\/","name":"Vlastn\u00ed \u010c\u00edna RFID Fob t\u011bsn\u011bn\u00ed od dodavatele z \u010c\u00edny","isPartOf":{"@id":"https:\/\/nfcntag.com\/#website"},"primaryImageOfPage":{"@id":"https:\/\/nfcntag.com\/product\/custom-china-rfid-fob-seals\/#primaryimage"},"image":{"@id":"https:\/\/nfcntag.com\/product\/custom-china-rfid-fob-seals\/#primaryimage"},"thumbnailUrl":"https:\/\/nfcntag.com\/wp-content\/uploads\/2023\/08\/China-RFID-Fob-Seal.png","datePublished":"2023-08-30T02:02:05+00:00","dateModified":"2023-08-30T02:09:21+00:00","description":"Custom China RFID Fob seal je specializovan\u00fd \u0161t\u00edtek ur\u010den\u00fd pro bezpe\u010dnostn\u00ed sledov\u00e1n\u00ed a ochranu. Je vyrobena kombinac\u00ed materi\u00e1l\u016f ABS a nerezov\u00e9 oceli.","breadcrumb":{"@id":"https:\/\/nfcntag.com\/product\/custom-china-rfid-fob-seals\/#breadcrumb"},"inLanguage":"cs","potentialAction":[{"@type":"ReadAction","target":["https:\/\/nfcntag.com\/product\/custom-china-rfid-fob-seals\/"]}]},{"@type":"ImageObject","inLanguage":"cs","@id":"https:\/\/nfcntag.com\/product\/custom-china-rfid-fob-seals\/#primaryimage","url":"https:\/\/nfcntag.com\/wp-content\/uploads\/2023\/08\/China-RFID-Fob-Seal.png","contentUrl":"https:\/\/nfcntag.com\/wp-content\/uploads\/2023\/08\/China-RFID-Fob-Seal.png","width":500,"height":500,"caption":"China RFID Fob Seal"},{"@type":"BreadcrumbList","@id":"https:\/\/nfcntag.com\/product\/custom-china-rfid-fob-seals\/#breadcrumb","itemListElement":[{"@type":"ListItem","position":1,"name":"Home","item":"https:\/\/nfcntag.com\/"},{"@type":"ListItem","position":2,"name":"Products","item":"https:\/\/nfcntag.com\/shop\/"},{"@type":"ListItem","position":3,"name":"Custom China RFID Fob Seals"}]},{"@type":"WebSite","@id":"https:\/\/nfcntag.com\/#website","url":"https:\/\/nfcntag.com\/","name":"ZBTech","description":"ZBTECH","potentialAction":[{"@type":"SearchAction","target":{"@type":"EntryPoint","urlTemplate":"https:\/\/nfcntag.com\/?s={search_term_string}"},"query-input":{"@type":"PropertyValueSpecification","valueRequired":true,"valueName":"search_term_string"}}],"inLanguage":"cs"}]}},"_links":{"self":[{"href":"https:\/\/nfcntag.com\/cs\/wp-json\/wp\/v2\/product\/4968","targetHints":{"allow":["GET"]}}],"collection":[{"href":"https:\/\/nfcntag.com\/cs\/wp-json\/wp\/v2\/product"}],"about":[{"href":"https:\/\/nfcntag.com\/cs\/wp-json\/wp\/v2\/types\/product"}],"version-history":[{"count":0,"href":"https:\/\/nfcntag.com\/cs\/wp-json\/wp\/v2\/product\/4968\/revisions"}],"wp:featuredmedia":[{"embeddable":true,"href":"https:\/\/nfcntag.com\/cs\/wp-json\/wp\/v2\/media\/4970"}],"wp:attachment":[{"href":"https:\/\/nfcntag.com\/cs\/wp-json\/wp\/v2\/media?parent=4968"}],"wp:term":[{"taxonomy":"product_brand","embeddable":true,"href":"https:\/\/nfcntag.com\/cs\/wp-json\/wp\/v2\/product_brand?post=4968"},{"taxonomy":"product_cat","embeddable":true,"href":"https:\/\/nfcntag.com\/cs\/wp-json\/wp\/v2\/product_cat?post=4968"},{"taxonomy":"product_tag","embeddable":true,"href":"https:\/\/nfcntag.com\/cs\/wp-json\/wp\/v2\/product_tag?post=4968"}],"curies":[{"name":"wp","href":"https:\/\/api.w.org\/{rel}","templated":true}]}}