{"id":5432,"date":"2023-11-17T05:55:10","date_gmt":"2023-11-17T05:55:10","guid":{"rendered":"https:\/\/nfcntag.com\/?post_type=product&#038;p=5432"},"modified":"2025-01-11T02:26:08","modified_gmt":"2025-01-11T02:26:08","slug":"rfid-uhf-windschutzscheiben-tag","status":"publish","type":"product","link":"https:\/\/nfcntag.com\/de\/product\/rfid-uhf-windschutzscheiben-tag\/","title":{"rendered":"RFID-UHF-Windschutzscheiben-Tag"},"content":{"rendered":"<div data-elementor-type=\"product-post\" data-elementor-id=\"5432\" class=\"elementor elementor-5432\" data-elementor-post-type=\"product\">\n\t\t\t\t\t\t<section class=\"elementor-section elementor-top-section elementor-element elementor-element-d5def3b elementor-section-boxed elementor-section-height-default elementor-section-height-default\" data-id=\"d5def3b\" data-element_type=\"section\" data-e-type=\"section\">\n\t\t\t\t\t\t<div class=\"elementor-container elementor-column-gap-default\">\n\t\t\t\t\t<div class=\"elementor-column elementor-col-66 elementor-top-column elementor-element elementor-element-4473d33\" data-id=\"4473d33\" data-element_type=\"column\" data-e-type=\"column\">\n\t\t\t<div class=\"elementor-widget-wrap elementor-element-populated\">\n\t\t\t\t\t\t<div class=\"elementor-element elementor-element-df205b7 elementor-widget elementor-widget-spacer\" data-id=\"df205b7\" data-element_type=\"widget\" data-e-type=\"widget\" data-widget_type=\"spacer.default\">\n\t\t\t\t<div class=\"elementor-widget-container\">\n\t\t\t\t\t\t\t<div class=\"elementor-spacer\">\n\t\t\t<div class=\"elementor-spacer-inner\"><\/div>\n\t\t<\/div>\n\t\t\t\t\t\t<\/div>\n\t\t\t\t<\/div>\n\t\t\t\t<div class=\"elementor-element elementor-element-8574ee3 elementor-widget elementor-widget-heading\" data-id=\"8574ee3\" data-element_type=\"widget\" data-e-type=\"widget\" data-widget_type=\"heading.default\">\n\t\t\t\t<div class=\"elementor-widget-container\">\n\t\t\t\t\t<h1 class=\"elementor-heading-title elementor-size-default\">Kundenspezifische RFID-Windschutzscheiben-Tags von ZBTECH<\/h1>\t\t\t\t<\/div>\n\t\t\t\t<\/div>\n\t\t\t\t<div class=\"elementor-element elementor-element-0f21d70 elementor-widget elementor-widget-text-editor\" data-id=\"0f21d70\" data-element_type=\"widget\" data-e-type=\"widget\" data-widget_type=\"text-editor.default\">\n\t\t\t\t<div class=\"elementor-widget-container\">\n\t\t\t\t\t\t\t\t\t<p>RFID-Windschutzscheiben-Tags mit Klebstoff werden auf der Innenseite der Windschutzscheibe angebracht, sind nicht von der Windschutzscheibe beeinflusst, nicht \u00fcbertragbar und kosteng\u00fcnstig. Sie eignen sich hervorragend zur Fahrzeugidentifikation, zur Parkzugangskontrolle und zur Torkommunikation.<\/p><p>Ma\u00dfgefertigte RFID-UHF-Windschutzscheiben-Tags in gro\u00dfen Mengen, blank oder bedruckt, von ZBTECH sind wettbewerbsf\u00e4hig.<\/p>\t\t\t\t\t\t\t\t<\/div>\n\t\t\t\t<\/div>\n\t\t\t\t<div class=\"elementor-element elementor-element-665275b elementor-align-left elementor-widget elementor-widget-button\" data-id=\"665275b\" data-element_type=\"widget\" data-e-type=\"widget\" data-widget_type=\"button.default\">\n\t\t\t\t<div class=\"elementor-widget-container\">\n\t\t\t\t\t\t\t\t\t<div class=\"elementor-button-wrapper\">\n\t\t\t\t\t<a class=\"elementor-button elementor-button-link elementor-size-sm\" href=\"#elementor-action%3Aaction%3Dpopup%3Aopen%26settings%3DeyJpZCI6IjI3MiIsInRvZ2dsZSI6ZmFsc2V9\">\n\t\t\t\t\t\t<span class=\"elementor-button-content-wrapper\">\n\t\t\t\t\t\t\t\t\t<span class=\"elementor-button-text\">Individuelles Angebot anfordern<\/span>\n\t\t\t\t\t<\/span>\n\t\t\t\t\t<\/a>\n\t\t\t\t<\/div>\n\t\t\t\t\t\t\t\t<\/div>\n\t\t\t\t<\/div>\n\t\t\t\t\t<\/div>\n\t\t<\/div>\n\t\t\t\t<div class=\"elementor-column elementor-col-33 elementor-top-column elementor-element elementor-element-73ddb64\" data-id=\"73ddb64\" data-element_type=\"column\" data-e-type=\"column\">\n\t\t\t<div class=\"elementor-widget-wrap elementor-element-populated\">\n\t\t\t\t\t\t<div class=\"elementor-element elementor-element-8e2e3b7 elementor-widget elementor-widget-image\" data-id=\"8e2e3b7\" data-element_type=\"widget\" data-e-type=\"widget\" data-widget_type=\"image.default\">\n\t\t\t\t<div class=\"elementor-widget-container\">\n\t\t\t\t\t\t\t\t\t\t\t\t\t\t\t<img fetchpriority=\"high\" decoding=\"async\" width=\"500\" height=\"500\" src=\"https:\/\/nfcntag.com\/wp-content\/uploads\/2023\/11\/windshield-tags-rfid.jpg\" class=\"attachment-large size-large wp-image-5435\" alt=\"RFID-Tags f\u00fcr Windschutzscheiben\" srcset=\"https:\/\/nfcntag.com\/wp-content\/uploads\/2023\/11\/windshield-tags-rfid.jpg 500w, https:\/\/nfcntag.com\/wp-content\/uploads\/2023\/11\/windshield-tags-rfid-300x300.jpg 300w, https:\/\/nfcntag.com\/wp-content\/uploads\/2023\/11\/windshield-tags-rfid-100x100.jpg 100w, https:\/\/nfcntag.com\/wp-content\/uploads\/2023\/11\/windshield-tags-rfid-150x150.jpg 150w\" sizes=\"(max-width: 500px) 100vw, 500px\" \/>\t\t\t\t\t\t\t\t\t\t\t\t\t\t\t<\/div>\n\t\t\t\t<\/div>\n\t\t\t\t\t<\/div>\n\t\t<\/div>\n\t\t\t\t\t<\/div>\n\t\t<\/section>\n\t\t\t\t<section class=\"elementor-section elementor-top-section elementor-element elementor-element-75a6db6 elementor-section-boxed elementor-section-height-default elementor-section-height-default\" data-id=\"75a6db6\" data-element_type=\"section\" data-e-type=\"section\">\n\t\t\t\t\t\t<div class=\"elementor-container elementor-column-gap-default\">\n\t\t\t\t\t<div class=\"elementor-column elementor-col-50 elementor-top-column elementor-element elementor-element-a6c37af\" data-id=\"a6c37af\" data-element_type=\"column\" data-e-type=\"column\">\n\t\t\t<div class=\"elementor-widget-wrap elementor-element-populated\">\n\t\t\t\t\t\t<div class=\"elementor-element elementor-element-afc00c8 elementor-widget elementor-widget-image\" data-id=\"afc00c8\" data-element_type=\"widget\" data-e-type=\"widget\" data-widget_type=\"image.default\">\n\t\t\t\t<div class=\"elementor-widget-container\">\n\t\t\t\t\t\t\t\t\t\t\t\t\t\t\t<img decoding=\"async\" width=\"500\" height=\"500\" src=\"https:\/\/nfcntag.com\/wp-content\/uploads\/2023\/11\/rfid-windshield-tag.jpg\" class=\"attachment-large size-large wp-image-5436\" alt=\"RFID-Windschutzscheiben-Tag\" srcset=\"https:\/\/nfcntag.com\/wp-content\/uploads\/2023\/11\/rfid-windshield-tag.jpg 500w, https:\/\/nfcntag.com\/wp-content\/uploads\/2023\/11\/rfid-windshield-tag-300x300.jpg 300w, https:\/\/nfcntag.com\/wp-content\/uploads\/2023\/11\/rfid-windshield-tag-100x100.jpg 100w, https:\/\/nfcntag.com\/wp-content\/uploads\/2023\/11\/rfid-windshield-tag-150x150.jpg 150w\" sizes=\"(max-width: 500px) 100vw, 500px\" \/>\t\t\t\t\t\t\t\t\t\t\t\t\t\t\t<\/div>\n\t\t\t\t<\/div>\n\t\t\t\t\t<\/div>\n\t\t<\/div>\n\t\t\t\t<div class=\"elementor-column elementor-col-50 elementor-top-column elementor-element elementor-element-1884c9b\" data-id=\"1884c9b\" data-element_type=\"column\" data-e-type=\"column\">\n\t\t\t<div class=\"elementor-widget-wrap elementor-element-populated\">\n\t\t\t\t\t\t<div class=\"elementor-element elementor-element-c8296b5 elementor-widget elementor-widget-heading\" data-id=\"c8296b5\" data-element_type=\"widget\" data-e-type=\"widget\" data-widget_type=\"heading.default\">\n\t\t\t\t<div class=\"elementor-widget-container\">\n\t\t\t\t\t<h2 class=\"elementor-heading-title elementor-size-default\">Details zum RFID-Windschutzscheiben-Etikett:<\/h2>\t\t\t\t<\/div>\n\t\t\t\t<\/div>\n\t\t\t\t<div class=\"elementor-element elementor-element-fbd561e elementor-widget elementor-widget-text-editor\" data-id=\"fbd561e\" data-element_type=\"widget\" data-e-type=\"widget\" data-widget_type=\"text-editor.default\">\n\t\t\t\t<div class=\"elementor-widget-container\">\n\t\t\t\t\t\t\t\t\t<p>Typ: RFID-UHF-Windschutzscheiben-Tag<\/p><p>Gr\u00f6\u00dfe: 97*23mm oder anpassbar<\/p><p>Chiptyp: U8, U9<\/p><p>Leseabstand: 5-9m<\/p><p>Passives RFID-Etikett ohne Batterie<\/p><p>Material: PVC oder Papier<\/p><p>Arbeitstemperatur: -10\u00b0 bis 80\u00b0<\/p><p>Anwendung: Zugangskontrolle, Identifikation, Tracking-Management<\/p>\t\t\t\t\t\t\t\t<\/div>\n\t\t\t\t<\/div>\n\t\t\t\t\t<\/div>\n\t\t<\/div>\n\t\t\t\t\t<\/div>\n\t\t<\/section>\n\t\t\t\t<section class=\"elementor-section elementor-top-section elementor-element elementor-element-62f13a0 elementor-section-boxed elementor-section-height-default elementor-section-height-default\" data-id=\"62f13a0\" data-element_type=\"section\" data-e-type=\"section\">\n\t\t\t\t\t\t<div class=\"elementor-container elementor-column-gap-default\">\n\t\t\t\t\t<div class=\"elementor-column elementor-col-100 elementor-top-column elementor-element elementor-element-baba8e6\" data-id=\"baba8e6\" data-element_type=\"column\" data-e-type=\"column\">\n\t\t\t<div class=\"elementor-widget-wrap elementor-element-populated\">\n\t\t\t\t\t\t<div class=\"elementor-element elementor-element-02d47fa elementor-widget elementor-widget-heading\" data-id=\"02d47fa\" data-element_type=\"widget\" data-e-type=\"widget\" data-widget_type=\"heading.default\">\n\t\t\t\t<div class=\"elementor-widget-container\">\n\t\t\t\t\t<h2 class=\"elementor-heading-title elementor-size-large\">Vorteile von RFID-Windschutzscheiben-Tags f\u00fcr Autos<\/h2>\t\t\t\t<\/div>\n\t\t\t\t<\/div>\n\t\t\t\t\t<\/div>\n\t\t<\/div>\n\t\t\t\t\t<\/div>\n\t\t<\/section>\n\t\t\t\t<section class=\"elementor-section elementor-top-section elementor-element elementor-element-022ea4e elementor-section-boxed elementor-section-height-default elementor-section-height-default\" data-id=\"022ea4e\" data-element_type=\"section\" data-e-type=\"section\">\n\t\t\t\t\t\t<div class=\"elementor-container elementor-column-gap-default\">\n\t\t\t\t\t<div class=\"elementor-column elementor-col-50 elementor-top-column elementor-element elementor-element-2119445\" data-id=\"2119445\" data-element_type=\"column\" data-e-type=\"column\">\n\t\t\t<div class=\"elementor-widget-wrap elementor-element-populated\">\n\t\t\t\t\t\t<div class=\"elementor-element elementor-element-9115d4b elementor-widget elementor-widget-image\" data-id=\"9115d4b\" data-element_type=\"widget\" data-e-type=\"widget\" data-widget_type=\"image.default\">\n\t\t\t\t<div class=\"elementor-widget-container\">\n\t\t\t\t\t\t\t\t\t\t\t\t\t\t\t<img decoding=\"async\" width=\"500\" height=\"500\" src=\"https:\/\/nfcntag.com\/wp-content\/uploads\/2023\/11\/rfid-sticker-for-car.jpg\" class=\"attachment-large size-large wp-image-5437\" alt=\"RFID-Aufkleber f\u00fcrs Auto\" srcset=\"https:\/\/nfcntag.com\/wp-content\/uploads\/2023\/11\/rfid-sticker-for-car.jpg 500w, https:\/\/nfcntag.com\/wp-content\/uploads\/2023\/11\/rfid-sticker-for-car-300x300.jpg 300w, https:\/\/nfcntag.com\/wp-content\/uploads\/2023\/11\/rfid-sticker-for-car-100x100.jpg 100w, https:\/\/nfcntag.com\/wp-content\/uploads\/2023\/11\/rfid-sticker-for-car-150x150.jpg 150w\" sizes=\"(max-width: 500px) 100vw, 500px\" \/>\t\t\t\t\t\t\t\t\t\t\t\t\t\t\t<\/div>\n\t\t\t\t<\/div>\n\t\t\t\t\t<\/div>\n\t\t<\/div>\n\t\t\t\t<div class=\"elementor-column elementor-col-50 elementor-top-column elementor-element elementor-element-82878ba\" data-id=\"82878ba\" data-element_type=\"column\" data-e-type=\"column\">\n\t\t\t<div class=\"elementor-widget-wrap elementor-element-populated\">\n\t\t\t\t\t\t<div class=\"elementor-element elementor-element-c318b8b elementor-widget elementor-widget-text-editor\" data-id=\"c318b8b\" data-element_type=\"widget\" data-e-type=\"widget\" data-widget_type=\"text-editor.default\">\n\t\t\t\t<div class=\"elementor-widget-container\">\n\t\t\t\t\t\t\t\t\t<p>RFID-Windschutzscheiben-Tags sind f\u00fcr Windschutzscheiben von Autos konzipiert und erm\u00f6glichen autorisierten Besitzern den Zutritt zu Sperrbereichen.<\/p><p>Der EPC von RFID-Windschutzscheiben-Tags f\u00fcr Autos kann vorprogrammiert und gesperrt werden, wodurch Datensicherheit sowie Zuverl\u00e4ssigkeit und Konsistenz der Daten des Tracking-Systems gew\u00e4hrleistet werden.<\/p><p>Ausf\u00fchrung: Sichere und semi-permanente Installation mit Diebstahlschutzfunktion<\/p><p>Optisch bedruckbar: individuell anpassbar und leicht zu identifizieren<\/p><p>Kompatibel mit verschiedenen RFID-Lesesystemen f\u00fcr eine nahtlose Integration.<\/p>\t\t\t\t\t\t\t\t<\/div>\n\t\t\t\t<\/div>\n\t\t\t\t<div class=\"elementor-element elementor-element-d587ca6 elementor-align-center elementor-widget elementor-widget-button\" data-id=\"d587ca6\" data-element_type=\"widget\" data-e-type=\"widget\" data-widget_type=\"button.default\">\n\t\t\t\t<div class=\"elementor-widget-container\">\n\t\t\t\t\t\t\t\t\t<div class=\"elementor-button-wrapper\">\n\t\t\t\t\t<a class=\"elementor-button elementor-button-link elementor-size-sm\" href=\"#elementor-action%3Aaction%3Dpopup%3Aopen%26settings%3DeyJpZCI6IjI3MiIsInRvZ2dsZSI6ZmFsc2V9\">\n\t\t\t\t\t\t<span class=\"elementor-button-content-wrapper\">\n\t\t\t\t\t\t\t\t\t<span class=\"elementor-button-text\">Individuelles Angebot anfordern<\/span>\n\t\t\t\t\t<\/span>\n\t\t\t\t\t<\/a>\n\t\t\t\t<\/div>\n\t\t\t\t\t\t\t\t<\/div>\n\t\t\t\t<\/div>\n\t\t\t\t\t<\/div>\n\t\t<\/div>\n\t\t\t\t\t<\/div>\n\t\t<\/section>\n\t\t\t\t<section class=\"elementor-section elementor-top-section elementor-element elementor-element-2ae6578 elementor-section-boxed elementor-section-height-default elementor-section-height-default\" data-id=\"2ae6578\" data-element_type=\"section\" data-e-type=\"section\">\n\t\t\t\t\t\t<div class=\"elementor-container elementor-column-gap-default\">\n\t\t\t\t\t<div class=\"elementor-column elementor-col-100 elementor-top-column elementor-element elementor-element-72c45af\" data-id=\"72c45af\" data-element_type=\"column\" data-e-type=\"column\">\n\t\t\t<div class=\"elementor-widget-wrap elementor-element-populated\">\n\t\t\t\t\t\t\t<\/div>\n\t\t<\/div>\n\t\t\t\t\t<\/div>\n\t\t<\/section>\n\t\t\t\t<\/div>","protected":false},"excerpt":{"rendered":"<p>Custom RFID Windshield Tags from ZBTECH RFID windshield tags with adhesive, stick on the inside of windshield, not affected by windshield and non-transferrable and cost-effective. It\u2019s a great way for identification for the vehicles, parking access control and gate communication. Custom bulk of RFID UHF windshield tags blank or printed from ZBTECH are competitive. Get [&hellip;]<\/p>\n","protected":false},"featured_media":5436,"template":"elementor_header_footer","meta":{"site-sidebar-layout":"no-sidebar","site-content-layout":"page-builder","ast-site-content-layout":"full-width-container","site-content-style":"unboxed","site-sidebar-style":"unboxed","ast-global-header-display":"","ast-banner-title-visibility":"","ast-main-header-display":"disabled","ast-hfb-above-header-display":"","ast-hfb-below-header-display":"","ast-hfb-mobile-header-display":"","site-post-title":"disabled","ast-breadcrumbs-content":"","ast-featured-img":"disabled","footer-sml-layout":"","ast-disable-related-posts":"","theme-transparent-header-meta":"default","adv-header-id-meta":"","stick-header-meta":"","header-above-stick-meta":"","header-main-stick-meta":"","header-below-stick-meta":"","astra-migrate-meta-layouts":"set","ast-page-background-enabled":"default","ast-page-background-meta":{"desktop":{"background-color":"","background-image":"","background-repeat":"repeat","background-position":"center center","background-size":"auto","background-attachment":"scroll","background-type":"","background-media":"","overlay-type":"","overlay-color":"","overlay-opacity":"","overlay-gradient":""},"tablet":{"background-color":"","background-image":"","background-repeat":"repeat","background-position":"center center","background-size":"auto","background-attachment":"scroll","background-type":"","background-media":"","overlay-type":"","overlay-color":"","overlay-opacity":"","overlay-gradient":""},"mobile":{"background-color":"","background-image":"","background-repeat":"repeat","background-position":"center center","background-size":"auto","background-attachment":"scroll","background-type":"","background-media":"","overlay-type":"","overlay-color":"","overlay-opacity":"","overlay-gradient":""}},"ast-content-background-meta":{"desktop":{"background-color":"var(--ast-global-color-5)","background-image":"","background-repeat":"repeat","background-position":"center center","background-size":"auto","background-attachment":"scroll","background-type":"","background-media":"","overlay-type":"","overlay-color":"","overlay-opacity":"","overlay-gradient":""},"tablet":{"background-color":"var(--ast-global-color-5)","background-image":"","background-repeat":"repeat","background-position":"center center","background-size":"auto","background-attachment":"scroll","background-type":"","background-media":"","overlay-type":"","overlay-color":"","overlay-opacity":"","overlay-gradient":""},"mobile":{"background-color":"var(--ast-global-color-5)","background-image":"","background-repeat":"repeat","background-position":"center center","background-size":"auto","background-attachment":"scroll","background-type":"","background-media":"","overlay-type":"","overlay-color":"","overlay-opacity":"","overlay-gradient":""}}},"product_brand":[],"product_cat":[44],"product_tag":[],"class_list":{"0":"post-5432","1":"product","2":"type-product","3":"status-publish","4":"has-post-thumbnail","6":"product_cat-rfid-sticker","7":"desktop-align-left","8":"tablet-align-left","9":"mobile-align-left","11":"first","12":"instock","13":"shipping-taxable","14":"product-type-simple"},"yoast_head":"<!-- This site is optimized with the Yoast SEO plugin v27.4 - https:\/\/yoast.com\/product\/yoast-seo-wordpress\/ -->\n<title>Custom RFID UHF Windshield Tag<\/title>\n<meta name=\"description\" content=\"The RFID UHF Windshield Tag refers to radio-frequency identification (RFID) tags specifically designed for placement on vehicle windshields.\" \/>\n<meta name=\"robots\" content=\"index, follow, max-snippet:-1, max-image-preview:large, max-video-preview:-1\" \/>\n<link rel=\"canonical\" href=\"https:\/\/nfcntag.com\/de\/product\/rfid-uhf-windschutzscheiben-tag\/\" \/>\n<meta property=\"og:locale\" content=\"de_DE\" \/>\n<meta property=\"og:type\" content=\"article\" \/>\n<meta property=\"og:title\" content=\"Custom RFID UHF Windshield Tag\" \/>\n<meta property=\"og:description\" content=\"The RFID UHF Windshield Tag refers to radio-frequency identification (RFID) tags specifically designed for placement on vehicle windshields.\" \/>\n<meta property=\"og:url\" content=\"https:\/\/nfcntag.com\/de\/product\/rfid-uhf-windschutzscheiben-tag\/\" \/>\n<meta property=\"og:site_name\" content=\"ZBTech\" \/>\n<meta property=\"article:modified_time\" content=\"2025-01-11T02:26:08+00:00\" \/>\n<meta property=\"og:image\" content=\"https:\/\/nfcntag.com\/wp-content\/uploads\/2023\/11\/rfid-windshield-tag.jpg\" \/>\n\t<meta property=\"og:image:width\" content=\"500\" \/>\n\t<meta property=\"og:image:height\" content=\"500\" \/>\n\t<meta property=\"og:image:type\" content=\"image\/jpeg\" \/>\n<meta name=\"twitter:card\" content=\"summary_large_image\" \/>\n<script type=\"application\/ld+json\" class=\"yoast-schema-graph\">{\"@context\":\"https:\\\/\\\/schema.org\",\"@graph\":[{\"@type\":\"WebPage\",\"@id\":\"https:\\\/\\\/nfcntag.com\\\/product\\\/rfid-uhf-windshield-tag\\\/\",\"url\":\"https:\\\/\\\/nfcntag.com\\\/product\\\/rfid-uhf-windshield-tag\\\/\",\"name\":\"Custom RFID UHF Windshield Tag\",\"isPartOf\":{\"@id\":\"https:\\\/\\\/nfcntag.com\\\/#website\"},\"primaryImageOfPage\":{\"@id\":\"https:\\\/\\\/nfcntag.com\\\/product\\\/rfid-uhf-windshield-tag\\\/#primaryimage\"},\"image\":{\"@id\":\"https:\\\/\\\/nfcntag.com\\\/product\\\/rfid-uhf-windshield-tag\\\/#primaryimage\"},\"thumbnailUrl\":\"https:\\\/\\\/nfcntag.com\\\/wp-content\\\/uploads\\\/2023\\\/11\\\/rfid-windshield-tag.jpg\",\"datePublished\":\"2023-11-17T05:55:10+00:00\",\"dateModified\":\"2025-01-11T02:26:08+00:00\",\"description\":\"The RFID UHF Windshield Tag refers to radio-frequency identification (RFID) tags specifically designed for placement on vehicle windshields.\",\"breadcrumb\":{\"@id\":\"https:\\\/\\\/nfcntag.com\\\/product\\\/rfid-uhf-windshield-tag\\\/#breadcrumb\"},\"inLanguage\":\"de\",\"potentialAction\":[{\"@type\":\"ReadAction\",\"target\":[\"https:\\\/\\\/nfcntag.com\\\/product\\\/rfid-uhf-windshield-tag\\\/\"]}]},{\"@type\":\"ImageObject\",\"inLanguage\":\"de\",\"@id\":\"https:\\\/\\\/nfcntag.com\\\/product\\\/rfid-uhf-windshield-tag\\\/#primaryimage\",\"url\":\"https:\\\/\\\/nfcntag.com\\\/wp-content\\\/uploads\\\/2023\\\/11\\\/rfid-windshield-tag.jpg\",\"contentUrl\":\"https:\\\/\\\/nfcntag.com\\\/wp-content\\\/uploads\\\/2023\\\/11\\\/rfid-windshield-tag.jpg\",\"width\":500,\"height\":500,\"caption\":\"rfid windshield tag\"},{\"@type\":\"BreadcrumbList\",\"@id\":\"https:\\\/\\\/nfcntag.com\\\/product\\\/rfid-uhf-windshield-tag\\\/#breadcrumb\",\"itemListElement\":[{\"@type\":\"ListItem\",\"position\":1,\"name\":\"Home\",\"item\":\"https:\\\/\\\/nfcntag.com\\\/\"},{\"@type\":\"ListItem\",\"position\":2,\"name\":\"Products\",\"item\":\"https:\\\/\\\/nfcntag.com\\\/shop\\\/\"},{\"@type\":\"ListItem\",\"position\":3,\"name\":\"RFID UHF Windshield Tag\"}]},{\"@type\":\"WebSite\",\"@id\":\"https:\\\/\\\/nfcntag.com\\\/#website\",\"url\":\"https:\\\/\\\/nfcntag.com\\\/\",\"name\":\"ZBTech\",\"description\":\"ZBTECH\",\"potentialAction\":[{\"@type\":\"SearchAction\",\"target\":{\"@type\":\"EntryPoint\",\"urlTemplate\":\"https:\\\/\\\/nfcntag.com\\\/?s={search_term_string}\"},\"query-input\":{\"@type\":\"PropertyValueSpecification\",\"valueRequired\":true,\"valueName\":\"search_term_string\"}}],\"inLanguage\":\"de\"}]}<\/script>\n<!-- \/ Yoast SEO plugin. -->","yoast_head_json":{"title":"Benutzerdefinierter RFID-UHF-Windschutzscheiben-Tag","description":"Bei RFID-UHF-Windschutzscheiben-Tags handelt es sich um Radiofrequenz-Identifikations-Tags (RFID), die speziell f\u00fcr die Anbringung an Fahrzeugwindschutzscheiben entwickelt wurden.","robots":{"index":"index","follow":"follow","max-snippet":"max-snippet:-1","max-image-preview":"max-image-preview:large","max-video-preview":"max-video-preview:-1"},"canonical":"https:\/\/nfcntag.com\/de\/product\/rfid-uhf-windschutzscheiben-tag\/","og_locale":"de_DE","og_type":"article","og_title":"Custom RFID UHF Windshield Tag","og_description":"The RFID UHF Windshield Tag refers to radio-frequency identification (RFID) tags specifically designed for placement on vehicle windshields.","og_url":"https:\/\/nfcntag.com\/de\/product\/rfid-uhf-windschutzscheiben-tag\/","og_site_name":"ZBTech","article_modified_time":"2025-01-11T02:26:08+00:00","og_image":[{"width":500,"height":500,"url":"https:\/\/nfcntag.com\/wp-content\/uploads\/2023\/11\/rfid-windshield-tag.jpg","type":"image\/jpeg"}],"twitter_card":"summary_large_image","schema":{"@context":"https:\/\/schema.org","@graph":[{"@type":"WebPage","@id":"https:\/\/nfcntag.com\/product\/rfid-uhf-windshield-tag\/","url":"https:\/\/nfcntag.com\/product\/rfid-uhf-windshield-tag\/","name":"Benutzerdefinierter RFID-UHF-Windschutzscheiben-Tag","isPartOf":{"@id":"https:\/\/nfcntag.com\/#website"},"primaryImageOfPage":{"@id":"https:\/\/nfcntag.com\/product\/rfid-uhf-windshield-tag\/#primaryimage"},"image":{"@id":"https:\/\/nfcntag.com\/product\/rfid-uhf-windshield-tag\/#primaryimage"},"thumbnailUrl":"https:\/\/nfcntag.com\/wp-content\/uploads\/2023\/11\/rfid-windshield-tag.jpg","datePublished":"2023-11-17T05:55:10+00:00","dateModified":"2025-01-11T02:26:08+00:00","description":"Bei RFID-UHF-Windschutzscheiben-Tags handelt es sich um Radiofrequenz-Identifikations-Tags (RFID), die speziell f\u00fcr die Anbringung an Fahrzeugwindschutzscheiben entwickelt wurden.","breadcrumb":{"@id":"https:\/\/nfcntag.com\/product\/rfid-uhf-windshield-tag\/#breadcrumb"},"inLanguage":"de","potentialAction":[{"@type":"ReadAction","target":["https:\/\/nfcntag.com\/product\/rfid-uhf-windshield-tag\/"]}]},{"@type":"ImageObject","inLanguage":"de","@id":"https:\/\/nfcntag.com\/product\/rfid-uhf-windshield-tag\/#primaryimage","url":"https:\/\/nfcntag.com\/wp-content\/uploads\/2023\/11\/rfid-windshield-tag.jpg","contentUrl":"https:\/\/nfcntag.com\/wp-content\/uploads\/2023\/11\/rfid-windshield-tag.jpg","width":500,"height":500,"caption":"rfid windshield tag"},{"@type":"BreadcrumbList","@id":"https:\/\/nfcntag.com\/product\/rfid-uhf-windshield-tag\/#breadcrumb","itemListElement":[{"@type":"ListItem","position":1,"name":"Home","item":"https:\/\/nfcntag.com\/"},{"@type":"ListItem","position":2,"name":"Products","item":"https:\/\/nfcntag.com\/shop\/"},{"@type":"ListItem","position":3,"name":"RFID UHF Windshield Tag"}]},{"@type":"WebSite","@id":"https:\/\/nfcntag.com\/#website","url":"https:\/\/nfcntag.com\/","name":"ZBTech","description":"ZBTECH","potentialAction":[{"@type":"SearchAction","target":{"@type":"EntryPoint","urlTemplate":"https:\/\/nfcntag.com\/?s={search_term_string}"},"query-input":{"@type":"PropertyValueSpecification","valueRequired":true,"valueName":"search_term_string"}}],"inLanguage":"de"}]}},"_links":{"self":[{"href":"https:\/\/nfcntag.com\/de\/wp-json\/wp\/v2\/product\/5432","targetHints":{"allow":["GET"]}}],"collection":[{"href":"https:\/\/nfcntag.com\/de\/wp-json\/wp\/v2\/product"}],"about":[{"href":"https:\/\/nfcntag.com\/de\/wp-json\/wp\/v2\/types\/product"}],"version-history":[{"count":0,"href":"https:\/\/nfcntag.com\/de\/wp-json\/wp\/v2\/product\/5432\/revisions"}],"wp:featuredmedia":[{"embeddable":true,"href":"https:\/\/nfcntag.com\/de\/wp-json\/wp\/v2\/media\/5436"}],"wp:attachment":[{"href":"https:\/\/nfcntag.com\/de\/wp-json\/wp\/v2\/media?parent=5432"}],"wp:term":[{"taxonomy":"product_brand","embeddable":true,"href":"https:\/\/nfcntag.com\/de\/wp-json\/wp\/v2\/product_brand?post=5432"},{"taxonomy":"product_cat","embeddable":true,"href":"https:\/\/nfcntag.com\/de\/wp-json\/wp\/v2\/product_cat?post=5432"},{"taxonomy":"product_tag","embeddable":true,"href":"https:\/\/nfcntag.com\/de\/wp-json\/wp\/v2\/product_tag?post=5432"}],"curies":[{"name":"wp","href":"https:\/\/api.w.org\/{rel}","templated":true}]}}