{"id":4968,"date":"2023-08-30T02:02:05","date_gmt":"2023-08-30T02:02:05","guid":{"rendered":"https:\/\/nfcntag.com\/?post_type=product&#038;p=4968"},"modified":"2023-08-30T02:09:21","modified_gmt":"2023-08-30T02:09:21","slug":"sigilli-portachiavi-rfid-personalizzati-cinesi","status":"publish","type":"product","link":"https:\/\/nfcntag.com\/it\/product\/sigilli-portachiavi-rfid-personalizzati-cinesi\/","title":{"rendered":"Sigilli RFID personalizzati per la Cina"},"content":{"rendered":"<div data-elementor-type=\"product-post\" data-elementor-id=\"4968\" class=\"elementor elementor-4968\" data-elementor-post-type=\"product\">\n\t\t\t\t\t\t<section class=\"elementor-section elementor-top-section elementor-element elementor-element-d5def3b elementor-section-boxed elementor-section-height-default elementor-section-height-default\" data-id=\"d5def3b\" data-element_type=\"section\" data-e-type=\"section\">\n\t\t\t\t\t\t<div class=\"elementor-container elementor-column-gap-default\">\n\t\t\t\t\t<div class=\"elementor-column elementor-col-66 elementor-top-column elementor-element elementor-element-4473d33\" data-id=\"4473d33\" data-element_type=\"column\" data-e-type=\"column\">\n\t\t\t<div class=\"elementor-widget-wrap elementor-element-populated\">\n\t\t\t\t\t\t<div class=\"elementor-element elementor-element-8574ee3 elementor-widget elementor-widget-heading\" data-id=\"8574ee3\" data-element_type=\"widget\" data-e-type=\"widget\" data-widget_type=\"heading.default\">\n\t\t\t\t<div class=\"elementor-widget-container\">\n\t\t\t\t\t<h1 class=\"elementor-heading-title elementor-size-default\">Sigilli RFID personalizzati per la Cina<\/h1>\t\t\t\t<\/div>\n\t\t\t\t<\/div>\n\t\t\t\t<div class=\"elementor-element elementor-element-0f21d70 elementor-widget elementor-widget-text-editor\" data-id=\"0f21d70\" data-element_type=\"widget\" data-e-type=\"widget\" data-widget_type=\"text-editor.default\">\n\t\t\t\t<div class=\"elementor-widget-container\">\n\t\t\t\t\t\t\t\t\t<p>Il sigillo RFID Fob cinese personalizzato \u00e8 un tag specializzato progettato per la tracciabilit\u00e0 e la protezione di sicurezza. \u00c8 realizzato combinando materiali ABS e acciaio inossidabile e dispone di una modalit\u00e0 di blocco che pu\u00f2 essere facilmente bloccata con una semplice trazione, garantendo durata e praticit\u00e0. Il cavo d&#039;acciaio utilizzato in questo sigillo \u00e8 resistente alla rottura e alla ruggine, rendendolo ideale per l&#039;uso in ambienti difficili, pur svolgendo efficacemente la funzione di sigillo RFID fob.<\/p><p>Grazie al sistema RFID e-Seal, questo sigillo pu\u00f2 essere incapsulato con tecnologia ad alta o altissima frequenza. Inoltre, pu\u00f2 essere sigillato efficacemente utilizzando onde ultrasoniche, garantendo eccellenti capacit\u00e0 di impermeabilit\u00e0, resistenza alla polvere e alle vibrazioni.<\/p>\t\t\t\t\t\t\t\t<\/div>\n\t\t\t\t<\/div>\n\t\t\t\t<div class=\"elementor-element elementor-element-665275b elementor-align-left elementor-widget elementor-widget-button\" data-id=\"665275b\" data-element_type=\"widget\" data-e-type=\"widget\" data-widget_type=\"button.default\">\n\t\t\t\t<div class=\"elementor-widget-container\">\n\t\t\t\t\t\t\t\t\t<div class=\"elementor-button-wrapper\">\n\t\t\t\t\t<a class=\"elementor-button elementor-button-link elementor-size-sm\" href=\"#elementor-action%3Aaction%3Dpopup%3Aopen%26settings%3DeyJpZCI6IjI3MiIsInRvZ2dsZSI6ZmFsc2V9\">\n\t\t\t\t\t\t<span class=\"elementor-button-content-wrapper\">\n\t\t\t\t\t\t\t\t\t<span class=\"elementor-button-text\">Ottieni un preventivo personalizzato<\/span>\n\t\t\t\t\t<\/span>\n\t\t\t\t\t<\/a>\n\t\t\t\t<\/div>\n\t\t\t\t\t\t\t\t<\/div>\n\t\t\t\t<\/div>\n\t\t\t\t\t<\/div>\n\t\t<\/div>\n\t\t\t\t<div class=\"elementor-column elementor-col-33 elementor-top-column elementor-element elementor-element-73ddb64\" data-id=\"73ddb64\" data-element_type=\"column\" data-e-type=\"column\">\n\t\t\t<div class=\"elementor-widget-wrap elementor-element-populated\">\n\t\t\t\t\t\t<div class=\"elementor-element elementor-element-8e2e3b7 elementor-widget elementor-widget-image\" data-id=\"8e2e3b7\" data-element_type=\"widget\" data-e-type=\"widget\" data-widget_type=\"image.default\">\n\t\t\t\t<div class=\"elementor-widget-container\">\n\t\t\t\t\t\t\t\t\t\t\t\t\t\t\t<img fetchpriority=\"high\" decoding=\"async\" width=\"500\" height=\"500\" src=\"https:\/\/nfcntag.com\/wp-content\/uploads\/2023\/08\/China-RFID-Fob-Seal.png\" class=\"attachment-large size-large wp-image-4970\" alt=\"Sigillo portachiavi RFID cinese\" srcset=\"https:\/\/nfcntag.com\/wp-content\/uploads\/2023\/08\/China-RFID-Fob-Seal.png 500w, https:\/\/nfcntag.com\/wp-content\/uploads\/2023\/08\/China-RFID-Fob-Seal-300x300.png 300w, https:\/\/nfcntag.com\/wp-content\/uploads\/2023\/08\/China-RFID-Fob-Seal-100x100.png 100w, https:\/\/nfcntag.com\/wp-content\/uploads\/2023\/08\/China-RFID-Fob-Seal-150x150.png 150w\" sizes=\"(max-width: 500px) 100vw, 500px\" \/>\t\t\t\t\t\t\t\t\t\t\t\t\t\t\t<\/div>\n\t\t\t\t<\/div>\n\t\t\t\t\t<\/div>\n\t\t<\/div>\n\t\t\t\t\t<\/div>\n\t\t<\/section>\n\t\t\t\t<section class=\"elementor-section elementor-top-section elementor-element elementor-element-75a6db6 elementor-section-boxed elementor-section-height-default elementor-section-height-default\" data-id=\"75a6db6\" data-element_type=\"section\" data-e-type=\"section\">\n\t\t\t\t\t\t<div class=\"elementor-container elementor-column-gap-default\">\n\t\t\t\t\t<div class=\"elementor-column elementor-col-50 elementor-top-column elementor-element elementor-element-a6c37af\" data-id=\"a6c37af\" data-element_type=\"column\" data-e-type=\"column\">\n\t\t\t<div class=\"elementor-widget-wrap elementor-element-populated\">\n\t\t\t\t\t\t<div class=\"elementor-element elementor-element-afc00c8 elementor-widget elementor-widget-image\" data-id=\"afc00c8\" data-element_type=\"widget\" data-e-type=\"widget\" data-widget_type=\"image.default\">\n\t\t\t\t<div class=\"elementor-widget-container\">\n\t\t\t\t\t\t\t\t\t\t\t\t\t\t\t<img decoding=\"async\" width=\"500\" height=\"500\" src=\"https:\/\/nfcntag.com\/wp-content\/uploads\/2023\/08\/Custom-China-RFID-Fob-Seals.png\" class=\"attachment-large size-large wp-image-4969\" alt=\"Sigilli RFID personalizzati per la Cina\" srcset=\"https:\/\/nfcntag.com\/wp-content\/uploads\/2023\/08\/Custom-China-RFID-Fob-Seals.png 500w, https:\/\/nfcntag.com\/wp-content\/uploads\/2023\/08\/Custom-China-RFID-Fob-Seals-300x300.png 300w, https:\/\/nfcntag.com\/wp-content\/uploads\/2023\/08\/Custom-China-RFID-Fob-Seals-100x100.png 100w, https:\/\/nfcntag.com\/wp-content\/uploads\/2023\/08\/Custom-China-RFID-Fob-Seals-150x150.png 150w\" sizes=\"(max-width: 500px) 100vw, 500px\" \/>\t\t\t\t\t\t\t\t\t\t\t\t\t\t\t<\/div>\n\t\t\t\t<\/div>\n\t\t\t\t\t<\/div>\n\t\t<\/div>\n\t\t\t\t<div class=\"elementor-column elementor-col-50 elementor-top-column elementor-element elementor-element-1884c9b\" data-id=\"1884c9b\" data-element_type=\"column\" data-e-type=\"column\">\n\t\t\t<div class=\"elementor-widget-wrap elementor-element-populated\">\n\t\t\t\t\t\t<div class=\"elementor-element elementor-element-c8296b5 elementor-widget elementor-widget-heading\" data-id=\"c8296b5\" data-element_type=\"widget\" data-e-type=\"widget\" data-widget_type=\"heading.default\">\n\t\t\t\t<div class=\"elementor-widget-container\">\n\t\t\t\t\t<h2 class=\"elementor-heading-title elementor-size-default\">Dettagli del prodotto:<\/h2>\t\t\t\t<\/div>\n\t\t\t\t<\/div>\n\t\t\t\t<div class=\"elementor-element elementor-element-fbd561e elementor-widget elementor-widget-text-editor\" data-id=\"fbd561e\" data-element_type=\"widget\" data-e-type=\"widget\" data-widget_type=\"text-editor.default\">\n\t\t\t\t<div class=\"elementor-widget-container\">\n\t\t\t\t\t\t\t\t\t<p>Tipo: Sigilli RFID personalizzati cinesi<\/p><p>Dimensioni: 36*42*4mm<\/p><p>Tipo di chip: UHF, HF<\/p><p>Materiale: ABS, acciaio inossidabile<\/p><p>Temperatura di lavoro: -30\u00b0~85\u00b0\u00a0<\/p><p>Caratteristiche: impermeabile, resistente all&#039;umidit\u00e0, antiurto e resistente al calore<\/p>\t\t\t\t\t\t\t\t<\/div>\n\t\t\t\t<\/div>\n\t\t\t\t\t<\/div>\n\t\t<\/div>\n\t\t\t\t\t<\/div>\n\t\t<\/section>\n\t\t\t\t<section class=\"elementor-section elementor-top-section elementor-element elementor-element-62f13a0 elementor-section-boxed elementor-section-height-default elementor-section-height-default\" data-id=\"62f13a0\" data-element_type=\"section\" data-e-type=\"section\">\n\t\t\t\t\t\t<div class=\"elementor-container elementor-column-gap-default\">\n\t\t\t\t\t<div class=\"elementor-column elementor-col-100 elementor-top-column elementor-element elementor-element-baba8e6\" data-id=\"baba8e6\" data-element_type=\"column\" data-e-type=\"column\">\n\t\t\t<div class=\"elementor-widget-wrap elementor-element-populated\">\n\t\t\t\t\t\t<div class=\"elementor-element elementor-element-02d47fa elementor-widget elementor-widget-heading\" data-id=\"02d47fa\" data-element_type=\"widget\" data-e-type=\"widget\" data-widget_type=\"heading.default\">\n\t\t\t\t<div class=\"elementor-widget-container\">\n\t\t\t\t\t<h2 class=\"elementor-heading-title elementor-size-large\">Perch\u00e9 scegliere il sigillo RFID cinese<\/h2>\t\t\t\t<\/div>\n\t\t\t\t<\/div>\n\t\t\t\t\t<\/div>\n\t\t<\/div>\n\t\t\t\t\t<\/div>\n\t\t<\/section>\n\t\t\t\t<section class=\"elementor-section elementor-top-section elementor-element elementor-element-022ea4e elementor-section-boxed elementor-section-height-default elementor-section-height-default\" data-id=\"022ea4e\" data-element_type=\"section\" data-e-type=\"section\">\n\t\t\t\t\t\t<div class=\"elementor-container elementor-column-gap-default\">\n\t\t\t\t\t<div class=\"elementor-column elementor-col-50 elementor-top-column elementor-element elementor-element-2119445\" data-id=\"2119445\" data-element_type=\"column\" data-e-type=\"column\">\n\t\t\t<div class=\"elementor-widget-wrap elementor-element-populated\">\n\t\t\t\t\t\t<div class=\"elementor-element elementor-element-9115d4b elementor-widget elementor-widget-image\" data-id=\"9115d4b\" data-element_type=\"widget\" data-e-type=\"widget\" data-widget_type=\"image.default\">\n\t\t\t\t<div class=\"elementor-widget-container\">\n\t\t\t\t\t\t\t\t\t\t\t\t\t\t\t<img decoding=\"async\" width=\"500\" height=\"500\" src=\"https:\/\/nfcntag.com\/wp-content\/uploads\/2023\/08\/Custom-RFID-Fob-Seal.png\" class=\"attachment-large size-large wp-image-4971\" alt=\"Sigillo portachiavi RFID personalizzato\" srcset=\"https:\/\/nfcntag.com\/wp-content\/uploads\/2023\/08\/Custom-RFID-Fob-Seal.png 500w, https:\/\/nfcntag.com\/wp-content\/uploads\/2023\/08\/Custom-RFID-Fob-Seal-300x300.png 300w, https:\/\/nfcntag.com\/wp-content\/uploads\/2023\/08\/Custom-RFID-Fob-Seal-100x100.png 100w, https:\/\/nfcntag.com\/wp-content\/uploads\/2023\/08\/Custom-RFID-Fob-Seal-150x150.png 150w\" sizes=\"(max-width: 500px) 100vw, 500px\" \/>\t\t\t\t\t\t\t\t\t\t\t\t\t\t\t<\/div>\n\t\t\t\t<\/div>\n\t\t\t\t\t<\/div>\n\t\t<\/div>\n\t\t\t\t<div class=\"elementor-column elementor-col-50 elementor-top-column elementor-element elementor-element-82878ba\" data-id=\"82878ba\" data-element_type=\"column\" data-e-type=\"column\">\n\t\t\t<div class=\"elementor-widget-wrap elementor-element-populated\">\n\t\t\t\t\t\t<div class=\"elementor-element elementor-element-c318b8b elementor-widget elementor-widget-text-editor\" data-id=\"c318b8b\" data-element_type=\"widget\" data-e-type=\"widget\" data-widget_type=\"text-editor.default\">\n\t\t\t\t<div class=\"elementor-widget-container\">\n\t\t\t\t\t\t\t\t\t<p><strong>Durata<\/strong><\/p><ul><li>Questa guarnizione \u00e8 realizzata con una combinazione di materiali ABS e acciaio inossidabile, che ne garantisce resistenza e durata. \u00c8 progettata per resistere a condizioni climatiche estreme, sia calde che fredde, ed \u00e8 resistente alla rottura.<\/li><\/ul><p><strong>Sicurezza<\/strong><\/p><ul><li>Il sigillo RFID offre una maggiore sicurezza per la tracciabilit\u00e0 e la protezione. \u00c8 dotato di una modalit\u00e0 di blocco che pu\u00f2 essere facilmente bloccata tirando il portachiavi, rendendo difficile la manomissione o la rimozione da parte di persone non autorizzate.<\/li><\/ul><p><strong>Convenienza<\/strong><\/p><ul><li>Il sigillo \u00e8 progettato per essere intuitivo, consentendo un&#039;applicazione rapida e semplice. Offre una soluzione comoda ed efficiente per le esigenze di tracciamento e protezione di sicurezza.<\/li><\/ul>\t\t\t\t\t\t\t\t<\/div>\n\t\t\t\t<\/div>\n\t\t\t\t<div class=\"elementor-element elementor-element-d587ca6 elementor-align-center elementor-widget elementor-widget-button\" data-id=\"d587ca6\" data-element_type=\"widget\" data-e-type=\"widget\" data-widget_type=\"button.default\">\n\t\t\t\t<div class=\"elementor-widget-container\">\n\t\t\t\t\t\t\t\t\t<div class=\"elementor-button-wrapper\">\n\t\t\t\t\t<a class=\"elementor-button elementor-button-link elementor-size-sm\" href=\"#elementor-action%3Aaction%3Dpopup%3Aopen%26settings%3DeyJpZCI6IjI3MiIsInRvZ2dsZSI6ZmFsc2V9\">\n\t\t\t\t\t\t<span class=\"elementor-button-content-wrapper\">\n\t\t\t\t\t\t\t\t\t<span class=\"elementor-button-text\">Ottieni un preventivo personalizzato<\/span>\n\t\t\t\t\t<\/span>\n\t\t\t\t\t<\/a>\n\t\t\t\t<\/div>\n\t\t\t\t\t\t\t\t<\/div>\n\t\t\t\t<\/div>\n\t\t\t\t\t<\/div>\n\t\t<\/div>\n\t\t\t\t\t<\/div>\n\t\t<\/section>\n\t\t\t\t<section class=\"elementor-section elementor-top-section elementor-element elementor-element-2ae6578 elementor-section-boxed elementor-section-height-default elementor-section-height-default\" data-id=\"2ae6578\" data-element_type=\"section\" data-e-type=\"section\">\n\t\t\t\t\t\t<div class=\"elementor-container elementor-column-gap-default\">\n\t\t\t\t\t<div class=\"elementor-column elementor-col-100 elementor-top-column elementor-element elementor-element-72c45af\" data-id=\"72c45af\" data-element_type=\"column\" data-e-type=\"column\">\n\t\t\t<div class=\"elementor-widget-wrap elementor-element-populated\">\n\t\t\t\t\t\t\t<\/div>\n\t\t<\/div>\n\t\t\t\t\t<\/div>\n\t\t<\/section>\n\t\t\t\t<\/div>","protected":false},"excerpt":{"rendered":"<p>Custom China RFID Fob Seals Custom China RFID Fob seal is a specialized tag designed for security tracking and protection. It is made by combining ABS and stainless-steel materials, and it features a lock-in mode that can be easily secured with a pull, ensuring both durability and convenience. The steel wire rope used in this [&hellip;]<\/p>\n","protected":false},"featured_media":4970,"template":"elementor_header_footer","meta":{"site-sidebar-layout":"no-sidebar","site-content-layout":"page-builder","ast-site-content-layout":"full-width-container","site-content-style":"unboxed","site-sidebar-style":"unboxed","ast-global-header-display":"","ast-banner-title-visibility":"","ast-main-header-display":"disabled","ast-hfb-above-header-display":"","ast-hfb-below-header-display":"","ast-hfb-mobile-header-display":"","site-post-title":"disabled","ast-breadcrumbs-content":"","ast-featured-img":"disabled","footer-sml-layout":"","ast-disable-related-posts":"","theme-transparent-header-meta":"default","adv-header-id-meta":"","stick-header-meta":"","header-above-stick-meta":"","header-main-stick-meta":"","header-below-stick-meta":"","astra-migrate-meta-layouts":"set","ast-page-background-enabled":"default","ast-page-background-meta":{"desktop":{"background-color":"","background-image":"","background-repeat":"repeat","background-position":"center center","background-size":"auto","background-attachment":"scroll","background-type":"","background-media":"","overlay-type":"","overlay-color":"","overlay-opacity":"","overlay-gradient":""},"tablet":{"background-color":"","background-image":"","background-repeat":"repeat","background-position":"center center","background-size":"auto","background-attachment":"scroll","background-type":"","background-media":"","overlay-type":"","overlay-color":"","overlay-opacity":"","overlay-gradient":""},"mobile":{"background-color":"","background-image":"","background-repeat":"repeat","background-position":"center center","background-size":"auto","background-attachment":"scroll","background-type":"","background-media":"","overlay-type":"","overlay-color":"","overlay-opacity":"","overlay-gradient":""}},"ast-content-background-meta":{"desktop":{"background-color":"var(--ast-global-color-5)","background-image":"","background-repeat":"repeat","background-position":"center center","background-size":"auto","background-attachment":"scroll","background-type":"","background-media":"","overlay-type":"","overlay-color":"","overlay-opacity":"","overlay-gradient":""},"tablet":{"background-color":"var(--ast-global-color-5)","background-image":"","background-repeat":"repeat","background-position":"center center","background-size":"auto","background-attachment":"scroll","background-type":"","background-media":"","overlay-type":"","overlay-color":"","overlay-opacity":"","overlay-gradient":""},"mobile":{"background-color":"var(--ast-global-color-5)","background-image":"","background-repeat":"repeat","background-position":"center center","background-size":"auto","background-attachment":"scroll","background-type":"","background-media":"","overlay-type":"","overlay-color":"","overlay-opacity":"","overlay-gradient":""}}},"product_brand":[],"product_cat":[39],"product_tag":[],"class_list":{"0":"post-4968","1":"product","2":"type-product","3":"status-publish","4":"has-post-thumbnail","6":"product_cat-rfid-seal","7":"desktop-align-left","8":"tablet-align-left","9":"mobile-align-left","11":"first","12":"instock","13":"shipping-taxable","14":"product-type-simple"},"yoast_head":"<!-- This site is optimized with the Yoast SEO plugin v27.4 - https:\/\/yoast.com\/product\/yoast-seo-wordpress\/ -->\n<title>Custom China RFID Fob Seals from China Supplier<\/title>\n<meta name=\"description\" content=\"Custom China RFID Fob seal is a specialized tag designed for security tracking and protection. It is made by combining ABS and stainless-steel materials.\" \/>\n<meta name=\"robots\" content=\"index, follow, max-snippet:-1, max-image-preview:large, max-video-preview:-1\" \/>\n<link rel=\"canonical\" href=\"https:\/\/nfcntag.com\/it\/product\/sigilli-portachiavi-rfid-personalizzati-cinesi\/\" \/>\n<meta property=\"og:locale\" content=\"it_IT\" \/>\n<meta property=\"og:type\" content=\"article\" \/>\n<meta property=\"og:title\" content=\"Custom China RFID Fob Seals from China Supplier\" \/>\n<meta property=\"og:description\" content=\"Custom China RFID Fob seal is a specialized tag designed for security tracking and protection. It is made by combining ABS and stainless-steel materials.\" \/>\n<meta property=\"og:url\" content=\"https:\/\/nfcntag.com\/it\/product\/sigilli-portachiavi-rfid-personalizzati-cinesi\/\" \/>\n<meta property=\"og:site_name\" content=\"ZBTech\" \/>\n<meta property=\"article:modified_time\" content=\"2023-08-30T02:09:21+00:00\" \/>\n<meta property=\"og:image\" content=\"https:\/\/nfcntag.com\/wp-content\/uploads\/2023\/08\/China-RFID-Fob-Seal.png\" \/>\n\t<meta property=\"og:image:width\" content=\"500\" \/>\n\t<meta property=\"og:image:height\" content=\"500\" \/>\n\t<meta property=\"og:image:type\" content=\"image\/png\" \/>\n<meta name=\"twitter:card\" content=\"summary_large_image\" \/>\n<meta name=\"twitter:label1\" content=\"Tempo di lettura stimato\" \/>\n\t<meta name=\"twitter:data1\" content=\"2 minuti\" \/>\n<script type=\"application\/ld+json\" class=\"yoast-schema-graph\">{\"@context\":\"https:\\\/\\\/schema.org\",\"@graph\":[{\"@type\":\"WebPage\",\"@id\":\"https:\\\/\\\/nfcntag.com\\\/product\\\/custom-china-rfid-fob-seals\\\/\",\"url\":\"https:\\\/\\\/nfcntag.com\\\/product\\\/custom-china-rfid-fob-seals\\\/\",\"name\":\"Custom China RFID Fob Seals from China Supplier\",\"isPartOf\":{\"@id\":\"https:\\\/\\\/nfcntag.com\\\/#website\"},\"primaryImageOfPage\":{\"@id\":\"https:\\\/\\\/nfcntag.com\\\/product\\\/custom-china-rfid-fob-seals\\\/#primaryimage\"},\"image\":{\"@id\":\"https:\\\/\\\/nfcntag.com\\\/product\\\/custom-china-rfid-fob-seals\\\/#primaryimage\"},\"thumbnailUrl\":\"https:\\\/\\\/nfcntag.com\\\/wp-content\\\/uploads\\\/2023\\\/08\\\/China-RFID-Fob-Seal.png\",\"datePublished\":\"2023-08-30T02:02:05+00:00\",\"dateModified\":\"2023-08-30T02:09:21+00:00\",\"description\":\"Custom China RFID Fob seal is a specialized tag designed for security tracking and protection. It is made by combining ABS and stainless-steel materials.\",\"breadcrumb\":{\"@id\":\"https:\\\/\\\/nfcntag.com\\\/product\\\/custom-china-rfid-fob-seals\\\/#breadcrumb\"},\"inLanguage\":\"it-IT\",\"potentialAction\":[{\"@type\":\"ReadAction\",\"target\":[\"https:\\\/\\\/nfcntag.com\\\/product\\\/custom-china-rfid-fob-seals\\\/\"]}]},{\"@type\":\"ImageObject\",\"inLanguage\":\"it-IT\",\"@id\":\"https:\\\/\\\/nfcntag.com\\\/product\\\/custom-china-rfid-fob-seals\\\/#primaryimage\",\"url\":\"https:\\\/\\\/nfcntag.com\\\/wp-content\\\/uploads\\\/2023\\\/08\\\/China-RFID-Fob-Seal.png\",\"contentUrl\":\"https:\\\/\\\/nfcntag.com\\\/wp-content\\\/uploads\\\/2023\\\/08\\\/China-RFID-Fob-Seal.png\",\"width\":500,\"height\":500,\"caption\":\"China RFID Fob Seal\"},{\"@type\":\"BreadcrumbList\",\"@id\":\"https:\\\/\\\/nfcntag.com\\\/product\\\/custom-china-rfid-fob-seals\\\/#breadcrumb\",\"itemListElement\":[{\"@type\":\"ListItem\",\"position\":1,\"name\":\"Home\",\"item\":\"https:\\\/\\\/nfcntag.com\\\/\"},{\"@type\":\"ListItem\",\"position\":2,\"name\":\"Products\",\"item\":\"https:\\\/\\\/nfcntag.com\\\/shop\\\/\"},{\"@type\":\"ListItem\",\"position\":3,\"name\":\"Custom China RFID Fob Seals\"}]},{\"@type\":\"WebSite\",\"@id\":\"https:\\\/\\\/nfcntag.com\\\/#website\",\"url\":\"https:\\\/\\\/nfcntag.com\\\/\",\"name\":\"ZBTech\",\"description\":\"ZBTECH\",\"potentialAction\":[{\"@type\":\"SearchAction\",\"target\":{\"@type\":\"EntryPoint\",\"urlTemplate\":\"https:\\\/\\\/nfcntag.com\\\/?s={search_term_string}\"},\"query-input\":{\"@type\":\"PropertyValueSpecification\",\"valueRequired\":true,\"valueName\":\"search_term_string\"}}],\"inLanguage\":\"it-IT\"}]}<\/script>\n<!-- \/ Yoast SEO plugin. -->","yoast_head_json":{"title":"Sigilli RFID personalizzati dalla Cina, fornitore cinese","description":"Il sigillo RFID Fob cinese personalizzato \u00e8 un tag specializzato progettato per la tracciabilit\u00e0 e la protezione di sicurezza. \u00c8 realizzato combinando materiali ABS e acciaio inossidabile.","robots":{"index":"index","follow":"follow","max-snippet":"max-snippet:-1","max-image-preview":"max-image-preview:large","max-video-preview":"max-video-preview:-1"},"canonical":"https:\/\/nfcntag.com\/it\/product\/sigilli-portachiavi-rfid-personalizzati-cinesi\/","og_locale":"it_IT","og_type":"article","og_title":"Custom China RFID Fob Seals from China Supplier","og_description":"Custom China RFID Fob seal is a specialized tag designed for security tracking and protection. It is made by combining ABS and stainless-steel materials.","og_url":"https:\/\/nfcntag.com\/it\/product\/sigilli-portachiavi-rfid-personalizzati-cinesi\/","og_site_name":"ZBTech","article_modified_time":"2023-08-30T02:09:21+00:00","og_image":[{"width":500,"height":500,"url":"https:\/\/nfcntag.com\/wp-content\/uploads\/2023\/08\/China-RFID-Fob-Seal.png","type":"image\/png"}],"twitter_card":"summary_large_image","twitter_misc":{"Tempo di lettura stimato":"2 minuti"},"schema":{"@context":"https:\/\/schema.org","@graph":[{"@type":"WebPage","@id":"https:\/\/nfcntag.com\/product\/custom-china-rfid-fob-seals\/","url":"https:\/\/nfcntag.com\/product\/custom-china-rfid-fob-seals\/","name":"Sigilli RFID personalizzati dalla Cina, fornitore cinese","isPartOf":{"@id":"https:\/\/nfcntag.com\/#website"},"primaryImageOfPage":{"@id":"https:\/\/nfcntag.com\/product\/custom-china-rfid-fob-seals\/#primaryimage"},"image":{"@id":"https:\/\/nfcntag.com\/product\/custom-china-rfid-fob-seals\/#primaryimage"},"thumbnailUrl":"https:\/\/nfcntag.com\/wp-content\/uploads\/2023\/08\/China-RFID-Fob-Seal.png","datePublished":"2023-08-30T02:02:05+00:00","dateModified":"2023-08-30T02:09:21+00:00","description":"Il sigillo RFID Fob cinese personalizzato \u00e8 un tag specializzato progettato per la tracciabilit\u00e0 e la protezione di sicurezza. \u00c8 realizzato combinando materiali ABS e acciaio inossidabile.","breadcrumb":{"@id":"https:\/\/nfcntag.com\/product\/custom-china-rfid-fob-seals\/#breadcrumb"},"inLanguage":"it-IT","potentialAction":[{"@type":"ReadAction","target":["https:\/\/nfcntag.com\/product\/custom-china-rfid-fob-seals\/"]}]},{"@type":"ImageObject","inLanguage":"it-IT","@id":"https:\/\/nfcntag.com\/product\/custom-china-rfid-fob-seals\/#primaryimage","url":"https:\/\/nfcntag.com\/wp-content\/uploads\/2023\/08\/China-RFID-Fob-Seal.png","contentUrl":"https:\/\/nfcntag.com\/wp-content\/uploads\/2023\/08\/China-RFID-Fob-Seal.png","width":500,"height":500,"caption":"China RFID Fob Seal"},{"@type":"BreadcrumbList","@id":"https:\/\/nfcntag.com\/product\/custom-china-rfid-fob-seals\/#breadcrumb","itemListElement":[{"@type":"ListItem","position":1,"name":"Home","item":"https:\/\/nfcntag.com\/"},{"@type":"ListItem","position":2,"name":"Products","item":"https:\/\/nfcntag.com\/shop\/"},{"@type":"ListItem","position":3,"name":"Custom China RFID Fob Seals"}]},{"@type":"WebSite","@id":"https:\/\/nfcntag.com\/#website","url":"https:\/\/nfcntag.com\/","name":"ZBTech","description":"ZBTECH","potentialAction":[{"@type":"SearchAction","target":{"@type":"EntryPoint","urlTemplate":"https:\/\/nfcntag.com\/?s={search_term_string}"},"query-input":{"@type":"PropertyValueSpecification","valueRequired":true,"valueName":"search_term_string"}}],"inLanguage":"it-IT"}]}},"_links":{"self":[{"href":"https:\/\/nfcntag.com\/it\/wp-json\/wp\/v2\/product\/4968","targetHints":{"allow":["GET"]}}],"collection":[{"href":"https:\/\/nfcntag.com\/it\/wp-json\/wp\/v2\/product"}],"about":[{"href":"https:\/\/nfcntag.com\/it\/wp-json\/wp\/v2\/types\/product"}],"version-history":[{"count":0,"href":"https:\/\/nfcntag.com\/it\/wp-json\/wp\/v2\/product\/4968\/revisions"}],"wp:featuredmedia":[{"embeddable":true,"href":"https:\/\/nfcntag.com\/it\/wp-json\/wp\/v2\/media\/4970"}],"wp:attachment":[{"href":"https:\/\/nfcntag.com\/it\/wp-json\/wp\/v2\/media?parent=4968"}],"wp:term":[{"taxonomy":"product_brand","embeddable":true,"href":"https:\/\/nfcntag.com\/it\/wp-json\/wp\/v2\/product_brand?post=4968"},{"taxonomy":"product_cat","embeddable":true,"href":"https:\/\/nfcntag.com\/it\/wp-json\/wp\/v2\/product_cat?post=4968"},{"taxonomy":"product_tag","embeddable":true,"href":"https:\/\/nfcntag.com\/it\/wp-json\/wp\/v2\/product_tag?post=4968"}],"curies":[{"name":"parola chiave","href":"https:\/\/api.w.org\/{rel}","templated":true}]}}